{"id":429,"date":"2026-01-19T10:47:12","date_gmt":"2026-01-19T13:47:12","guid":{"rendered":"https:\/\/www.bionosticcascavel.com.br\/?page_id=429"},"modified":"2026-01-20T08:24:23","modified_gmt":"2026-01-20T11:24:23","slug":"preparo-do-paciente-para-coleta-de-citopatologicas","status":"publish","type":"page","link":"https:\/\/www.bionosticcascavel.com.br\/index.php\/coletas\/preparo-do-paciente-para-coleta-de-citopatologicas\/","title":{"rendered":"Preparo do paciente para coleta de citopatol\u00f3gicas"},"content":{"rendered":"\t\t<div data-elementor-type=\"wp-page\" data-elementor-id=\"429\" class=\"elementor elementor-429\">\n\t\t\t\t<div class=\"elementor-element elementor-element-cba93be e-flex e-con-boxed e-con e-parent\" data-id=\"cba93be\" data-element_type=\"container\" data-e-type=\"container\">\n\t\t\t\t\t<div class=\"e-con-inner\">\n\t\t<div class=\"elementor-element elementor-element-6b920cb e-con-full e-flex e-con e-child\" data-id=\"6b920cb\" data-element_type=\"container\" data-e-type=\"container\">\n\t\t\t\t<div class=\"elementor-element elementor-element-55f04fe elementor-widget elementor-widget-image\" data-id=\"55f04fe\" data-element_type=\"widget\" data-e-type=\"widget\" data-widget_type=\"image.default\">\n\t\t\t\t<div class=\"elementor-widget-container\">\n\t\t\t\t\t\t\t\t\t\t\t\t\t\t\t<img fetchpriority=\"high\" decoding=\"async\" width=\"682\" height=\"1024\" src=\"https:\/\/www.bionosticcascavel.com.br\/wp-content\/uploads\/2026\/01\/imagem-da-preparo-do-paciente-para-coleta-de-citopatologicas-682x1024.jpg\" class=\"attachment-large size-large wp-image-518\" alt=\"\" srcset=\"https:\/\/www.bionosticcascavel.com.br\/wp-content\/uploads\/2026\/01\/imagem-da-preparo-do-paciente-para-coleta-de-citopatologicas-682x1024.jpg 682w, https:\/\/www.bionosticcascavel.com.br\/wp-content\/uploads\/2026\/01\/imagem-da-preparo-do-paciente-para-coleta-de-citopatologicas-200x300.jpg 200w, https:\/\/www.bionosticcascavel.com.br\/wp-content\/uploads\/2026\/01\/imagem-da-preparo-do-paciente-para-coleta-de-citopatologicas-230x345.jpg 230w, https:\/\/www.bionosticcascavel.com.br\/wp-content\/uploads\/2026\/01\/imagem-da-preparo-do-paciente-para-coleta-de-citopatologicas-350x525.jpg 350w, https:\/\/www.bionosticcascavel.com.br\/wp-content\/uploads\/2026\/01\/imagem-da-preparo-do-paciente-para-coleta-de-citopatologicas-480x720.jpg 480w, https:\/\/www.bionosticcascavel.com.br\/wp-content\/uploads\/2026\/01\/imagem-da-preparo-do-paciente-para-coleta-de-citopatologicas.jpg 685w\" sizes=\"(max-width: 682px) 100vw, 682px\" \/>\t\t\t\t\t\t\t\t\t\t\t\t\t\t\t<\/div>\n\t\t\t\t<\/div>\n\t\t\t\t<\/div>\n\t\t<div class=\"elementor-element elementor-element-b9b1c90 e-con-full e-flex e-con e-child\" data-id=\"b9b1c90\" data-element_type=\"container\" data-e-type=\"container\">\n\t\t\t\t<div class=\"elementor-element elementor-element-b948cea elementor-widget elementor-widget-text-editor\" data-id=\"b948cea\" data-element_type=\"widget\" data-e-type=\"widget\" data-widget_type=\"text-editor.default\">\n\t\t\t\t<div class=\"elementor-widget-container\">\n\t\t\t\t\t\t\t\t\t<p><a href=\"https:\/\/www.bionosticcascavel.com.br\/index.php\/coletas\/\">&lt; voltar coletas<\/a><\/p>\t\t\t\t\t\t\t\t<\/div>\n\t\t\t\t<\/div>\n\t\t<div class=\"elementor-element elementor-element-608008c e-con-full e-flex e-con e-child\" data-id=\"608008c\" data-element_type=\"container\" data-e-type=\"container\" data-settings=\"{&quot;background_background&quot;:&quot;classic&quot;}\">\n\t\t\t\t<div class=\"elementor-element elementor-element-77b8bf5 elementor-widget elementor-widget-heading\" data-id=\"77b8bf5\" data-element_type=\"widget\" data-e-type=\"widget\" data-widget_type=\"heading.default\">\n\t\t\t\t<div class=\"elementor-widget-container\">\n\t\t\t\t\t<h2 class=\"elementor-heading-title elementor-size-default\">Preparo do paciente para coleta de citopatol\u00f3gicas<\/h2>\t\t\t\t<\/div>\n\t\t\t\t<\/div>\n\t\t\t\t<\/div>\n\t\t\t\t<div class=\"elementor-element elementor-element-2694f66 elementor-widget elementor-widget-text-editor\" data-id=\"2694f66\" data-element_type=\"widget\" data-e-type=\"widget\" data-widget_type=\"text-editor.default\">\n\t\t\t\t<div class=\"elementor-widget-container\">\n\t\t\t\t\t\t\t\t\t<p>A citologia \u00e9 fundamental para o diagn\u00f3stico r\u00e1pido de massas, inflama\u00e7\u00f5es e neoplasias. No Bionostic, garantimos que o procedimento de coleta e o preparo da l\u00e2mina sejam realizados por nossa equipe t\u00e9cnica especializada, o que \u00e9 crucial para evitar artefatos e assegurar a qualidade celular.<\/p><p>A coleta, geralmente \u00e9 realizada por Pun\u00e7\u00e3o Aspirativa por Agulha Fina (PAAF), \u00e9e nossa equipe treinada assegura a m\u00e1xima assepsia no local da pun\u00e7\u00e3o e utiliza t\u00e9cnicas de conten\u00e7\u00e3o que minimizam o estresse do paciente.<\/p><p><strong>Citologia (PAAF) e\/ou Bi\u00f3psia Guiada por US<\/strong><\/p><p>Estes procedimentos s\u00e3o utilizados para diagnosticar les\u00f5es em \u00f3rg\u00e3os internos (f\u00edgado, ba\u00e7o, rim, pr\u00f3stata, pulm\u00e3o, etc.) ou massas intra-abdominais e tor\u00e1cicas. S\u00e3o realizadas por nossos M\u00e9dicos Veterin\u00e1rios Imaginologistas.<\/p>\t\t\t\t\t\t\t\t<\/div>\n\t\t\t\t<\/div>\n\t\t\t\t<\/div>\n\t\t\t\t\t<\/div>\n\t\t\t\t<\/div>\n\t\t\t\t<\/div>\n\t\t","protected":false},"excerpt":{"rendered":"<p>&lt; voltar coletas Preparo do paciente para coleta de citopatol\u00f3gicas A citologia \u00e9 fundamental para o diagn\u00f3stico r\u00e1pido de massas, inflama\u00e7\u00f5es e [&hellip;]<\/p>\n","protected":false},"author":1,"featured_media":0,"parent":407,"menu_order":0,"comment_status":"closed","ping_status":"closed","template":"elementor_header_footer","meta":{"footnotes":""},"class_list":["post-429","page","type-page","status-publish","hentry"],"_links":{"self":[{"href":"https:\/\/www.bionosticcascavel.com.br\/index.php\/wp-json\/wp\/v2\/pages\/429","targetHints":{"allow":["GET"]}}],"collection":[{"href":"https:\/\/www.bionosticcascavel.com.br\/index.php\/wp-json\/wp\/v2\/pages"}],"about":[{"href":"https:\/\/www.bionosticcascavel.com.br\/index.php\/wp-json\/wp\/v2\/types\/page"}],"author":[{"embeddable":true,"href":"https:\/\/www.bionosticcascavel.com.br\/index.php\/wp-json\/wp\/v2\/users\/1"}],"replies":[{"embeddable":true,"href":"https:\/\/www.bionosticcascavel.com.br\/index.php\/wp-json\/wp\/v2\/comments?post=429"}],"version-history":[{"count":7,"href":"https:\/\/www.bionosticcascavel.com.br\/index.php\/wp-json\/wp\/v2\/pages\/429\/revisions"}],"predecessor-version":[{"id":521,"href":"https:\/\/www.bionosticcascavel.com.br\/index.php\/wp-json\/wp\/v2\/pages\/429\/revisions\/521"}],"up":[{"embeddable":true,"href":"https:\/\/www.bionosticcascavel.com.br\/index.php\/wp-json\/wp\/v2\/pages\/407"}],"wp:attachment":[{"href":"https:\/\/www.bionosticcascavel.com.br\/index.php\/wp-json\/wp\/v2\/media?parent=429"}],"curies":[{"name":"wp","href":"https:\/\/api.w.org\/{rel}","templated":true}]}}