{"id":425,"date":"2026-01-19T10:46:39","date_gmt":"2026-01-19T13:46:39","guid":{"rendered":"https:\/\/www.bionosticcascavel.com.br\/?page_id=425"},"modified":"2026-01-20T08:25:06","modified_gmt":"2026-01-20T11:25:06","slug":"preparo-do-paciente-para-coleta-de-fezes","status":"publish","type":"page","link":"https:\/\/www.bionosticcascavel.com.br\/index.php\/coletas\/preparo-do-paciente-para-coleta-de-fezes\/","title":{"rendered":"Preparo do paciente para coleta de fezes"},"content":{"rendered":"\t\t<div data-elementor-type=\"wp-page\" data-elementor-id=\"425\" class=\"elementor elementor-425\">\n\t\t\t\t<div class=\"elementor-element elementor-element-6e3c961 e-flex e-con-boxed e-con e-parent\" data-id=\"6e3c961\" data-element_type=\"container\" data-e-type=\"container\">\n\t\t\t\t\t<div class=\"e-con-inner\">\n\t\t<div class=\"elementor-element elementor-element-91de7d0 e-con-full e-flex e-con e-child\" data-id=\"91de7d0\" data-element_type=\"container\" data-e-type=\"container\">\n\t\t\t\t<div class=\"elementor-element elementor-element-742a6d1 elementor-widget elementor-widget-image\" data-id=\"742a6d1\" data-element_type=\"widget\" data-e-type=\"widget\" data-widget_type=\"image.default\">\n\t\t\t\t<div class=\"elementor-widget-container\">\n\t\t\t\t\t\t\t\t\t\t\t\t\t\t\t<img fetchpriority=\"high\" decoding=\"async\" width=\"682\" height=\"1024\" src=\"https:\/\/www.bionosticcascavel.com.br\/wp-content\/uploads\/2026\/01\/imagem-da-preparo-de-paciente-para-coleta-de-fezes-682x1024.jpg\" class=\"attachment-large size-large wp-image-522\" alt=\"\" srcset=\"https:\/\/www.bionosticcascavel.com.br\/wp-content\/uploads\/2026\/01\/imagem-da-preparo-de-paciente-para-coleta-de-fezes-682x1024.jpg 682w, https:\/\/www.bionosticcascavel.com.br\/wp-content\/uploads\/2026\/01\/imagem-da-preparo-de-paciente-para-coleta-de-fezes-200x300.jpg 200w, https:\/\/www.bionosticcascavel.com.br\/wp-content\/uploads\/2026\/01\/imagem-da-preparo-de-paciente-para-coleta-de-fezes-230x345.jpg 230w, https:\/\/www.bionosticcascavel.com.br\/wp-content\/uploads\/2026\/01\/imagem-da-preparo-de-paciente-para-coleta-de-fezes-350x525.jpg 350w, https:\/\/www.bionosticcascavel.com.br\/wp-content\/uploads\/2026\/01\/imagem-da-preparo-de-paciente-para-coleta-de-fezes-480x720.jpg 480w, https:\/\/www.bionosticcascavel.com.br\/wp-content\/uploads\/2026\/01\/imagem-da-preparo-de-paciente-para-coleta-de-fezes.jpg 685w\" sizes=\"(max-width: 682px) 100vw, 682px\" \/>\t\t\t\t\t\t\t\t\t\t\t\t\t\t\t<\/div>\n\t\t\t\t<\/div>\n\t\t\t\t<\/div>\n\t\t<div class=\"elementor-element elementor-element-23ad398 e-con-full e-flex e-con e-child\" data-id=\"23ad398\" data-element_type=\"container\" data-e-type=\"container\">\n\t\t\t\t<div class=\"elementor-element elementor-element-3d176ed elementor-widget elementor-widget-text-editor\" data-id=\"3d176ed\" data-element_type=\"widget\" data-e-type=\"widget\" data-widget_type=\"text-editor.default\">\n\t\t\t\t<div class=\"elementor-widget-container\">\n\t\t\t\t\t\t\t\t\t<p><a href=\"https:\/\/www.bionosticcascavel.com.br\/index.php\/coletas\/\">&lt; voltar coletas<\/a><\/p>\t\t\t\t\t\t\t\t<\/div>\n\t\t\t\t<\/div>\n\t\t<div class=\"elementor-element elementor-element-f7a8fdd e-con-full e-flex e-con e-child\" data-id=\"f7a8fdd\" data-element_type=\"container\" data-e-type=\"container\" data-settings=\"{&quot;background_background&quot;:&quot;classic&quot;}\">\n\t\t\t\t<div class=\"elementor-element elementor-element-a9dfc4c elementor-widget elementor-widget-heading\" data-id=\"a9dfc4c\" data-element_type=\"widget\" data-e-type=\"widget\" data-widget_type=\"heading.default\">\n\t\t\t\t<div class=\"elementor-widget-container\">\n\t\t\t\t\t<h2 class=\"elementor-heading-title elementor-size-default\">Preparo do paciente para coleta de fezes<\/h2>\t\t\t\t<\/div>\n\t\t\t\t<\/div>\n\t\t\t\t<\/div>\n\t\t\t\t<div class=\"elementor-element elementor-element-0ea978a elementor-widget elementor-widget-text-editor\" data-id=\"0ea978a\" data-element_type=\"widget\" data-e-type=\"widget\" data-widget_type=\"text-editor.default\">\n\t\t\t\t<div class=\"elementor-widget-container\">\n\t\t\t\t\t\t\t\t\t<p>O exame coproparasitol\u00f3gico, coprofuncional, culturas e os testes moleculares (PCR) de fezes s\u00e3o essenciais para o diagn\u00f3stico de parasitas, bact\u00e9rias patog\u00eanicas e v\u00edrus. Para garantir resultados confi\u00e1veis, a amostra deve ser fresca, representativa e manipulada de forma higi\u00eanica. O m\u00e9todo de coleta \u00e9 simples, frescor) e a representatividade da amostra s\u00e3o cruciais.<br \/><br \/>\u00b7 Jejum n\u00e3o \u00e9 obrigat\u00f3rio.<br \/>\u00b7 A dieta n\u00e3o interfere nos exames parasitol\u00f3gicos ou PCR.<br \/>\u00b7 Deve se suspender o uso de laxantes ou medicamentos de contraste (ex: b\u00e1rio) dias antes da coleta. Informar o uso de antibi\u00f3ticos ou antiparasit\u00e1rios recentes.<br \/>\u00b7 O m\u00e9todo de coleta \u00e9 simples, mas o frescor e a representatividade da amostra s\u00e3o cruciais.<br \/>\u00b7 Deve se colocar a amostra em frasco Coletor Universal Limpo e Seco (dispon\u00edvel em farm\u00e1cias ou no Bionostic).<\/p>\t\t\t\t\t\t\t\t<\/div>\n\t\t\t\t<\/div>\n\t\t\t\t<\/div>\n\t\t\t\t\t<\/div>\n\t\t\t\t<\/div>\n\t\t\t\t<\/div>\n\t\t","protected":false},"excerpt":{"rendered":"<p>&lt; voltar coletas Preparo do paciente para coleta de fezes O exame coproparasitol\u00f3gico, coprofuncional, culturas e os testes moleculares (PCR) de fezes [&hellip;]<\/p>\n","protected":false},"author":1,"featured_media":0,"parent":407,"menu_order":0,"comment_status":"closed","ping_status":"closed","template":"elementor_header_footer","meta":{"footnotes":""},"class_list":["post-425","page","type-page","status-publish","hentry"],"_links":{"self":[{"href":"https:\/\/www.bionosticcascavel.com.br\/index.php\/wp-json\/wp\/v2\/pages\/425","targetHints":{"allow":["GET"]}}],"collection":[{"href":"https:\/\/www.bionosticcascavel.com.br\/index.php\/wp-json\/wp\/v2\/pages"}],"about":[{"href":"https:\/\/www.bionosticcascavel.com.br\/index.php\/wp-json\/wp\/v2\/types\/page"}],"author":[{"embeddable":true,"href":"https:\/\/www.bionosticcascavel.com.br\/index.php\/wp-json\/wp\/v2\/users\/1"}],"replies":[{"embeddable":true,"href":"https:\/\/www.bionosticcascavel.com.br\/index.php\/wp-json\/wp\/v2\/comments?post=425"}],"version-history":[{"count":7,"href":"https:\/\/www.bionosticcascavel.com.br\/index.php\/wp-json\/wp\/v2\/pages\/425\/revisions"}],"predecessor-version":[{"id":525,"href":"https:\/\/www.bionosticcascavel.com.br\/index.php\/wp-json\/wp\/v2\/pages\/425\/revisions\/525"}],"up":[{"embeddable":true,"href":"https:\/\/www.bionosticcascavel.com.br\/index.php\/wp-json\/wp\/v2\/pages\/407"}],"wp:attachment":[{"href":"https:\/\/www.bionosticcascavel.com.br\/index.php\/wp-json\/wp\/v2\/media?parent=425"}],"curies":[{"name":"wp","href":"https:\/\/api.w.org\/{rel}","templated":true}]}}