{"id":247,"date":"2025-09-12T16:01:31","date_gmt":"2025-09-12T19:01:31","guid":{"rendered":"https:\/\/www.bionosticcascavel.com.br\/?page_id=247"},"modified":"2026-01-19T12:55:16","modified_gmt":"2026-01-19T15:55:16","slug":"bioquimica","status":"publish","type":"page","link":"https:\/\/www.bionosticcascavel.com.br\/index.php\/bioquimica\/","title":{"rendered":"Bioqu\u00edmica"},"content":{"rendered":"\t\t<div data-elementor-type=\"wp-page\" data-elementor-id=\"247\" class=\"elementor elementor-247\">\n\t\t\t\t<div class=\"elementor-element elementor-element-f9b105a e-flex e-con-boxed e-con e-parent\" data-id=\"f9b105a\" data-element_type=\"container\" data-e-type=\"container\">\n\t\t\t\t\t<div class=\"e-con-inner\">\n\t\t<div class=\"elementor-element elementor-element-11526c2 e-con-full e-flex e-con e-child\" data-id=\"11526c2\" data-element_type=\"container\" data-e-type=\"container\">\n\t\t\t\t<div class=\"elementor-element elementor-element-3f61b07 elementor-widget elementor-widget-image\" data-id=\"3f61b07\" data-element_type=\"widget\" data-e-type=\"widget\" data-widget_type=\"image.default\">\n\t\t\t\t<div class=\"elementor-widget-container\">\n\t\t\t\t\t\t\t\t\t\t\t\t\t\t\t<img fetchpriority=\"high\" decoding=\"async\" width=\"467\" height=\"1024\" src=\"https:\/\/www.bionosticcascavel.com.br\/wp-content\/uploads\/2025\/09\/exame3-467x1024.jpg\" class=\"attachment-large size-large wp-image-249\" alt=\"\" srcset=\"https:\/\/www.bionosticcascavel.com.br\/wp-content\/uploads\/2025\/09\/exame3-467x1024.jpg 467w, https:\/\/www.bionosticcascavel.com.br\/wp-content\/uploads\/2025\/09\/exame3-137x300.jpg 137w, https:\/\/www.bionosticcascavel.com.br\/wp-content\/uploads\/2025\/09\/exame3-768x1683.jpg 768w, https:\/\/www.bionosticcascavel.com.br\/wp-content\/uploads\/2025\/09\/exame3-701x1536.jpg 701w, https:\/\/www.bionosticcascavel.com.br\/wp-content\/uploads\/2025\/09\/exame3-934x2048.jpg 934w, https:\/\/www.bionosticcascavel.com.br\/wp-content\/uploads\/2025\/09\/exame3-230x504.jpg 230w, https:\/\/www.bionosticcascavel.com.br\/wp-content\/uploads\/2025\/09\/exame3-350x767.jpg 350w, https:\/\/www.bionosticcascavel.com.br\/wp-content\/uploads\/2025\/09\/exame3-480x1052.jpg 480w, https:\/\/www.bionosticcascavel.com.br\/wp-content\/uploads\/2025\/09\/exame3.jpg 1000w\" sizes=\"(max-width: 467px) 100vw, 467px\" \/>\t\t\t\t\t\t\t\t\t\t\t\t\t\t\t<\/div>\n\t\t\t\t<\/div>\n\t\t\t\t<\/div>\n\t\t<div class=\"elementor-element elementor-element-bb40cca e-con-full e-flex e-con e-child\" data-id=\"bb40cca\" data-element_type=\"container\" data-e-type=\"container\">\n\t\t\t\t<div class=\"elementor-element elementor-element-ec1b031 elementor-widget elementor-widget-text-editor\" data-id=\"ec1b031\" data-element_type=\"widget\" data-e-type=\"widget\" data-widget_type=\"text-editor.default\">\n\t\t\t\t<div class=\"elementor-widget-container\">\n\t\t\t\t\t\t\t\t\t<p><a href=\"https:\/\/www.bionosticcascavel.com.br\/index.php\/exames-laboratorias\/\">&lt; voltar exames laboratoriais<\/a><\/p>\t\t\t\t\t\t\t\t<\/div>\n\t\t\t\t<\/div>\n\t\t<div class=\"elementor-element elementor-element-e735fca e-con-full e-flex e-con e-child\" data-id=\"e735fca\" data-element_type=\"container\" data-e-type=\"container\" data-settings=\"{&quot;background_background&quot;:&quot;classic&quot;}\">\n\t\t\t\t<div class=\"elementor-element elementor-element-395d5ad elementor-widget elementor-widget-heading\" data-id=\"395d5ad\" data-element_type=\"widget\" data-e-type=\"widget\" data-widget_type=\"heading.default\">\n\t\t\t\t<div class=\"elementor-widget-container\">\n\t\t\t\t\t<h2 class=\"elementor-heading-title elementor-size-default\">SETOR DE BIOQU\u00cdMICOS<\/h2>\t\t\t\t<\/div>\n\t\t\t\t<\/div>\n\t\t\t\t<\/div>\n\t\t\t\t<div class=\"elementor-element elementor-element-7dc8e33 elementor-widget elementor-widget-image\" data-id=\"7dc8e33\" data-element_type=\"widget\" data-e-type=\"widget\" data-widget_type=\"image.default\">\n\t\t\t\t<div class=\"elementor-widget-container\">\n\t\t\t\t\t\t\t\t\t\t\t\t\t\t\t<img decoding=\"async\" width=\"1000\" height=\"996\" src=\"https:\/\/www.bionosticcascavel.com.br\/wp-content\/uploads\/2025\/09\/exame3_2.png\" class=\"attachment-large size-large wp-image-250\" alt=\"\" srcset=\"https:\/\/www.bionosticcascavel.com.br\/wp-content\/uploads\/2025\/09\/exame3_2.png 1000w, https:\/\/www.bionosticcascavel.com.br\/wp-content\/uploads\/2025\/09\/exame3_2-300x300.png 300w, https:\/\/www.bionosticcascavel.com.br\/wp-content\/uploads\/2025\/09\/exame3_2-150x150.png 150w, https:\/\/www.bionosticcascavel.com.br\/wp-content\/uploads\/2025\/09\/exame3_2-768x765.png 768w, https:\/\/www.bionosticcascavel.com.br\/wp-content\/uploads\/2025\/09\/exame3_2-230x229.png 230w, https:\/\/www.bionosticcascavel.com.br\/wp-content\/uploads\/2025\/09\/exame3_2-350x349.png 350w, https:\/\/www.bionosticcascavel.com.br\/wp-content\/uploads\/2025\/09\/exame3_2-480x478.png 480w\" sizes=\"(max-width: 1000px) 100vw, 1000px\" \/>\t\t\t\t\t\t\t\t\t\t\t\t\t\t\t<\/div>\n\t\t\t\t<\/div>\n\t\t\t\t<div class=\"elementor-element elementor-element-8c4e53a elementor-widget elementor-widget-text-editor\" data-id=\"8c4e53a\" data-element_type=\"widget\" data-e-type=\"widget\" data-widget_type=\"text-editor.default\">\n\t\t\t\t<div class=\"elementor-widget-container\">\n\t\t\t\t\t\t\t\t\t<p>Exames Bioqu\u00edmicos avaliam os processos metab\u00f3licos do organismo e fornecem informa\u00e7\u00f5es sobre o estado funcional de cada um dos \u00f3rg\u00e3os. Em nossas unidades al\u00e9m de equipamentos calibrados e validados todos os dias, a pesquisa \u00e9 cont\u00ednua em busca do melhores reagentes e m\u00e9todos para Medicina Veterin\u00e1ria. Resultados estes validados por testes de profici\u00eancia peri\u00f3dicos externos sempre com \u00f3timos resultados, desde 2006.<br \/><br \/>Contamos para este setor com ampla Soroteca, para arquivamento de soros, onde as amostras restantes s\u00e3o armazenadas por um m\u00eas para poss\u00edveis novos exames agilizando diagn\u00f3sticos e trazendo facilidade para M\u00e9dicos Veterin\u00e1rios e<br \/>seus pacientes.<\/p>\t\t\t\t\t\t\t\t<\/div>\n\t\t\t\t<\/div>\n\t\t\t\t<\/div>\n\t\t\t\t\t<\/div>\n\t\t\t\t<\/div>\n\t\t\t\t<\/div>\n\t\t","protected":false},"excerpt":{"rendered":"<p>&lt; voltar exames laboratoriais SETOR DE BIOQU\u00cdMICOS Exames Bioqu\u00edmicos avaliam os processos metab\u00f3licos do organismo e fornecem informa\u00e7\u00f5es sobre o estado funcional [&hellip;]<\/p>\n","protected":false},"author":1,"featured_media":0,"parent":0,"menu_order":0,"comment_status":"closed","ping_status":"closed","template":"elementor_header_footer","meta":{"footnotes":""},"class_list":["post-247","page","type-page","status-publish","hentry"],"_links":{"self":[{"href":"https:\/\/www.bionosticcascavel.com.br\/index.php\/wp-json\/wp\/v2\/pages\/247","targetHints":{"allow":["GET"]}}],"collection":[{"href":"https:\/\/www.bionosticcascavel.com.br\/index.php\/wp-json\/wp\/v2\/pages"}],"about":[{"href":"https:\/\/www.bionosticcascavel.com.br\/index.php\/wp-json\/wp\/v2\/types\/page"}],"author":[{"embeddable":true,"href":"https:\/\/www.bionosticcascavel.com.br\/index.php\/wp-json\/wp\/v2\/users\/1"}],"replies":[{"embeddable":true,"href":"https:\/\/www.bionosticcascavel.com.br\/index.php\/wp-json\/wp\/v2\/comments?post=247"}],"version-history":[{"count":7,"href":"https:\/\/www.bionosticcascavel.com.br\/index.php\/wp-json\/wp\/v2\/pages\/247\/revisions"}],"predecessor-version":[{"id":484,"href":"https:\/\/www.bionosticcascavel.com.br\/index.php\/wp-json\/wp\/v2\/pages\/247\/revisions\/484"}],"wp:attachment":[{"href":"https:\/\/www.bionosticcascavel.com.br\/index.php\/wp-json\/wp\/v2\/media?parent=247"}],"curies":[{"name":"wp","href":"https:\/\/api.w.org\/{rel}","templated":true}]}}