{"id":19,"date":"2025-09-08T05:54:58","date_gmt":"2025-09-08T08:54:58","guid":{"rendered":"http:\/\/www.bionosticcascavel.com.br\/?page_id=19"},"modified":"2026-01-19T12:50:34","modified_gmt":"2026-01-19T15:50:34","slug":"exames-laboratorias","status":"publish","type":"page","link":"https:\/\/www.bionosticcascavel.com.br\/index.php\/exames-laboratorias\/","title":{"rendered":"Exames Laboratorias"},"content":{"rendered":"\t\t<div data-elementor-type=\"wp-page\" data-elementor-id=\"19\" class=\"elementor elementor-19\">\n\t\t\t\t<div class=\"elementor-element elementor-element-399ee56 e-flex e-con-boxed e-con e-parent\" data-id=\"399ee56\" data-element_type=\"container\" data-e-type=\"container\" data-settings=\"{&quot;background_background&quot;:&quot;classic&quot;}\">\n\t\t\t\t\t<div class=\"e-con-inner\">\n\t\t\t\t\t<\/div>\n\t\t\t\t<\/div>\n\t\t<div class=\"elementor-element elementor-element-ecdb7a9 e-flex e-con-boxed e-con e-parent\" data-id=\"ecdb7a9\" data-element_type=\"container\" data-e-type=\"container\">\n\t\t\t\t\t<div class=\"e-con-inner\">\n\t\t\t\t<div class=\"elementor-element elementor-element-31d7439 elementor-widget elementor-widget-heading\" data-id=\"31d7439\" data-element_type=\"widget\" data-e-type=\"widget\" data-widget_type=\"heading.default\">\n\t\t\t\t<div class=\"elementor-widget-container\">\n\t\t\t\t\t<h2 class=\"elementor-heading-title elementor-size-default\">Exames Laboratoriais<\/h2>\t\t\t\t<\/div>\n\t\t\t\t<\/div>\n\t\t\t\t\t<\/div>\n\t\t\t\t<\/div>\n\t\t<div class=\"elementor-element elementor-element-c4511ea e-flex e-con-boxed e-con e-parent\" data-id=\"c4511ea\" data-element_type=\"container\" data-e-type=\"container\">\n\t\t\t\t\t<div class=\"e-con-inner\">\n\t\t        <script>\n        jQuery( document ).ready( function( $ ) {\n            \/\/ Use .on('click', ...) as it is slightly more modern and flexible.\n            $( '.elementor-element-039d829' ).css( 'cursor', 'pointer' ).on( 'click', function(e) {\n                \n                var url = 'https:\/\/www.bionosticcascavel.com.br\/index.php\/hematologia\/';\n\n                                    \/\/ Otherwise, open the link in the same tab.\n                    window.location.href = url;\n                            });\n        });\n        <\/script>\n        <div class=\"elementor-element elementor-element-039d829 e-con-full e-flex e-con e-child\" data-id=\"039d829\" data-element_type=\"container\" data-e-type=\"container\" id=\"boxexames\">\n\t\t\t\t<div class=\"elementor-element elementor-element-073da43 elementor-widget elementor-widget-heading\" data-id=\"073da43\" data-element_type=\"widget\" data-e-type=\"widget\" data-widget_type=\"heading.default\">\n\t\t\t\t<div class=\"elementor-widget-container\">\n\t\t\t\t\t<h2 class=\"elementor-heading-title elementor-size-default\"><a href=\"https:\/\/www.bionosticcascavel.com.br\/index.php\/hematologia\/\">Hematologia<\/a><\/h2>\t\t\t\t<\/div>\n\t\t\t\t<\/div>\n\t\t\t\t<\/div>\n\t\t        <script>\n        jQuery( document ).ready( function( $ ) {\n            \/\/ Use .on('click', ...) as it is slightly more modern and flexible.\n            $( '.elementor-element-2b617fa' ).css( 'cursor', 'pointer' ).on( 'click', function(e) {\n                \n                var url = 'https:\/\/www.bionosticcascavel.com.br\/index.php\/hormonios';\n\n                                    \/\/ Otherwise, open the link in the same tab.\n                    window.location.href = url;\n                            });\n        });\n        <\/script>\n        <div class=\"elementor-element elementor-element-2b617fa e-con-full e-flex e-con e-child\" data-id=\"2b617fa\" data-element_type=\"container\" data-e-type=\"container\" id=\"boxexames\">\n\t\t\t\t<div class=\"elementor-element elementor-element-8c02a5e elementor-widget elementor-widget-heading\" data-id=\"8c02a5e\" data-element_type=\"widget\" data-e-type=\"widget\" data-widget_type=\"heading.default\">\n\t\t\t\t<div class=\"elementor-widget-container\">\n\t\t\t\t\t<h2 class=\"elementor-heading-title elementor-size-default\"><a href=\"https:\/\/www.bionosticcascavel.com.br\/index.php\/hormonios\">Horm\u00f4nios <\/a><\/h2>\t\t\t\t<\/div>\n\t\t\t\t<\/div>\n\t\t\t\t<\/div>\n\t\t        <script>\n        jQuery( document ).ready( function( $ ) {\n            \/\/ Use .on('click', ...) as it is slightly more modern and flexible.\n            $( '.elementor-element-5fd1479' ).css( 'cursor', 'pointer' ).on( 'click', function(e) {\n                \n                var url = 'https:\/\/www.bionosticcascavel.com.br\/index.php\/bioquimica';\n\n                                    \/\/ Otherwise, open the link in the same tab.\n                    window.location.href = url;\n                            });\n        });\n        <\/script>\n        <div class=\"elementor-element elementor-element-5fd1479 e-con-full e-flex e-con e-child\" data-id=\"5fd1479\" data-element_type=\"container\" data-e-type=\"container\" id=\"boxexames\">\n\t\t\t\t<div class=\"elementor-element elementor-element-c7a7250 elementor-widget elementor-widget-heading\" data-id=\"c7a7250\" data-element_type=\"widget\" data-e-type=\"widget\" data-widget_type=\"heading.default\">\n\t\t\t\t<div class=\"elementor-widget-container\">\n\t\t\t\t\t<h2 class=\"elementor-heading-title elementor-size-default\"><a href=\"https:\/\/www.bionosticcascavel.com.br\/index.php\/bioquimica\">Bioqu\u00edmica<\/a><\/h2>\t\t\t\t<\/div>\n\t\t\t\t<\/div>\n\t\t\t\t<\/div>\n\t\t\t\t\t<\/div>\n\t\t\t\t<\/div>\n\t\t<div class=\"elementor-element elementor-element-ffe952a e-flex e-con-boxed e-con e-parent\" data-id=\"ffe952a\" data-element_type=\"container\" data-e-type=\"container\">\n\t\t\t\t\t<div class=\"e-con-inner\">\n\t\t        <script>\n        jQuery( document ).ready( function( $ ) {\n            \/\/ Use .on('click', ...) as it is slightly more modern and flexible.\n            $( '.elementor-element-967d987' ).css( 'cursor', 'pointer' ).on( 'click', function(e) {\n                \n                var url = 'https:\/\/www.bionosticcascavel.com.br\/index.php\/parasitologia';\n\n                                    \/\/ Otherwise, open the link in the same tab.\n                    window.location.href = url;\n                            });\n        });\n        <\/script>\n        <div class=\"elementor-element elementor-element-967d987 e-con-full e-flex e-con e-child\" data-id=\"967d987\" data-element_type=\"container\" data-e-type=\"container\" id=\"boxexames\">\n\t\t\t\t<div class=\"elementor-element elementor-element-424b6f0 elementor-widget elementor-widget-heading\" data-id=\"424b6f0\" data-element_type=\"widget\" data-e-type=\"widget\" data-widget_type=\"heading.default\">\n\t\t\t\t<div class=\"elementor-widget-container\">\n\t\t\t\t\t<h2 class=\"elementor-heading-title elementor-size-default\"><a href=\"https:\/\/www.bionosticcascavel.com.br\/index.php\/parasitologia\">Parasitologia<\/a><\/h2>\t\t\t\t<\/div>\n\t\t\t\t<\/div>\n\t\t\t\t<\/div>\n\t\t        <script>\n        jQuery( document ).ready( function( $ ) {\n            \/\/ Use .on('click', ...) as it is slightly more modern and flexible.\n            $( '.elementor-element-6dcacec' ).css( 'cursor', 'pointer' ).on( 'click', function(e) {\n                \n                var url = 'https:\/\/www.bionosticcascavel.com.br\/index.php\/imunologia';\n\n                                    \/\/ Otherwise, open the link in the same tab.\n                    window.location.href = url;\n                            });\n        });\n        <\/script>\n        <div class=\"elementor-element elementor-element-6dcacec e-con-full e-flex e-con e-child\" data-id=\"6dcacec\" data-element_type=\"container\" data-e-type=\"container\" id=\"boxexames\">\n\t\t\t\t<div class=\"elementor-element elementor-element-77dbb0f elementor-widget elementor-widget-heading\" data-id=\"77dbb0f\" data-element_type=\"widget\" data-e-type=\"widget\" data-widget_type=\"heading.default\">\n\t\t\t\t<div class=\"elementor-widget-container\">\n\t\t\t\t\t<h2 class=\"elementor-heading-title elementor-size-default\"><a href=\"https:\/\/www.bionosticcascavel.com.br\/index.php\/imunologia\">Imunologia<\/a><\/h2>\t\t\t\t<\/div>\n\t\t\t\t<\/div>\n\t\t\t\t<\/div>\n\t\t        <script>\n        jQuery( document ).ready( function( $ ) {\n            \/\/ Use .on('click', ...) as it is slightly more modern and flexible.\n            $( '.elementor-element-8f8c8af' ).css( 'cursor', 'pointer' ).on( 'click', function(e) {\n                \n                var url = 'https:\/\/www.bionosticcascavel.com.br\/index.php\/urinalise';\n\n                                    \/\/ Otherwise, open the link in the same tab.\n                    window.location.href = url;\n                            });\n        });\n        <\/script>\n        <div class=\"elementor-element elementor-element-8f8c8af e-con-full e-flex e-con e-child\" data-id=\"8f8c8af\" data-element_type=\"container\" data-e-type=\"container\" id=\"boxexames\">\n\t\t\t\t<div class=\"elementor-element elementor-element-7ddd4f5 elementor-widget elementor-widget-heading\" data-id=\"7ddd4f5\" data-element_type=\"widget\" data-e-type=\"widget\" data-widget_type=\"heading.default\">\n\t\t\t\t<div class=\"elementor-widget-container\">\n\t\t\t\t\t<h2 class=\"elementor-heading-title elementor-size-default\"><a href=\"https:\/\/www.bionosticcascavel.com.br\/index.php\/urinalise\">Urin\u00e1lise<\/a><\/h2>\t\t\t\t<\/div>\n\t\t\t\t<\/div>\n\t\t\t\t<\/div>\n\t\t\t\t\t<\/div>\n\t\t\t\t<\/div>\n\t\t<div class=\"elementor-element elementor-element-bf011e0 e-flex e-con-boxed e-con e-parent\" data-id=\"bf011e0\" data-element_type=\"container\" data-e-type=\"container\">\n\t\t\t\t\t<div class=\"e-con-inner\">\n\t\t        <script>\n        jQuery( document ).ready( function( $ ) {\n            \/\/ Use .on('click', ...) as it is slightly more modern and flexible.\n            $( '.elementor-element-8063fdf' ).css( 'cursor', 'pointer' ).on( 'click', function(e) {\n                \n                var url = 'https:\/\/www.bionosticcascavel.com.br\/index.php\/venenos';\n\n                                    \/\/ Otherwise, open the link in the same tab.\n                    window.location.href = url;\n                            });\n        });\n        <\/script>\n        <div class=\"elementor-element elementor-element-8063fdf e-con-full e-flex e-con e-child\" data-id=\"8063fdf\" data-element_type=\"container\" data-e-type=\"container\" id=\"boxexames\">\n\t\t\t\t<div class=\"elementor-element elementor-element-d6bd212 elementor-widget elementor-widget-heading\" data-id=\"d6bd212\" data-element_type=\"widget\" data-e-type=\"widget\" data-widget_type=\"heading.default\">\n\t\t\t\t<div class=\"elementor-widget-container\">\n\t\t\t\t\t<h2 class=\"elementor-heading-title elementor-size-default\"><a href=\"https:\/\/www.bionosticcascavel.com.br\/index.php\/venenos\">Venenos<\/a><\/h2>\t\t\t\t<\/div>\n\t\t\t\t<\/div>\n\t\t\t\t<\/div>\n\t\t        <script>\n        jQuery( document ).ready( function( $ ) {\n            \/\/ Use .on('click', ...) as it is slightly more modern and flexible.\n            $( '.elementor-element-b112092' ).css( 'cursor', 'pointer' ).on( 'click', function(e) {\n                \n                var url = 'https:\/\/www.bionosticcascavel.com.br\/index.php\/toxicologia';\n\n                                    \/\/ Otherwise, open the link in the same tab.\n                    window.location.href = url;\n                            });\n        });\n        <\/script>\n        <div class=\"elementor-element elementor-element-b112092 e-con-full e-flex e-con e-child\" data-id=\"b112092\" data-element_type=\"container\" data-e-type=\"container\" id=\"boxexames\">\n\t\t\t\t<div class=\"elementor-element elementor-element-4fd0c6f elementor-widget elementor-widget-heading\" data-id=\"4fd0c6f\" data-element_type=\"widget\" data-e-type=\"widget\" data-widget_type=\"heading.default\">\n\t\t\t\t<div class=\"elementor-widget-container\">\n\t\t\t\t\t<h2 class=\"elementor-heading-title elementor-size-default\"><a href=\"https:\/\/www.bionosticcascavel.com.br\/index.php\/toxicologia\">Toxicologia<\/a><\/h2>\t\t\t\t<\/div>\n\t\t\t\t<\/div>\n\t\t\t\t<\/div>\n\t\t        <script>\n        jQuery( document ).ready( function( $ ) {\n            \/\/ Use .on('click', ...) as it is slightly more modern and flexible.\n            $( '.elementor-element-a0e7abe' ).css( 'cursor', 'pointer' ).on( 'click', function(e) {\n                \n                var url = 'https:\/\/www.bionosticcascavel.com.br\/index.php\/biologia-molecular';\n\n                                    \/\/ Otherwise, open the link in the same tab.\n                    window.location.href = url;\n                            });\n        });\n        <\/script>\n        <div class=\"elementor-element elementor-element-a0e7abe e-con-full e-flex e-con e-child\" data-id=\"a0e7abe\" data-element_type=\"container\" data-e-type=\"container\" id=\"boxexames\">\n\t\t\t\t<div class=\"elementor-element elementor-element-92bd586 elementor-widget elementor-widget-heading\" data-id=\"92bd586\" data-element_type=\"widget\" data-e-type=\"widget\" data-widget_type=\"heading.default\">\n\t\t\t\t<div class=\"elementor-widget-container\">\n\t\t\t\t\t<h2 class=\"elementor-heading-title elementor-size-default\"><a href=\"https:\/\/www.bionosticcascavel.com.br\/index.php\/biologia-molecular\">Biologia Molecular<\/a><\/h2>\t\t\t\t<\/div>\n\t\t\t\t<\/div>\n\t\t\t\t<\/div>\n\t\t\t\t\t<\/div>\n\t\t\t\t<\/div>\n\t\t<div class=\"elementor-element elementor-element-c9f7a73 e-flex e-con-boxed e-con e-parent\" data-id=\"c9f7a73\" data-element_type=\"container\" data-e-type=\"container\">\n\t\t\t\t\t<div class=\"e-con-inner\">\n\t\t        <script>\n        jQuery( document ).ready( function( $ ) {\n            \/\/ Use .on('click', ...) as it is slightly more modern and flexible.\n            $( '.elementor-element-ae42c12' ).css( 'cursor', 'pointer' ).on( 'click', function(e) {\n                \n                var url = 'https:\/\/www.bionosticcascavel.com.br\/index.php\/microbiologia';\n\n                                    \/\/ Otherwise, open the link in the same tab.\n                    window.location.href = url;\n                            });\n        });\n        <\/script>\n        <div class=\"elementor-element elementor-element-ae42c12 e-con-full e-flex e-con e-child\" data-id=\"ae42c12\" data-element_type=\"container\" data-e-type=\"container\" id=\"boxexames\">\n\t\t\t\t<div class=\"elementor-element elementor-element-f8c91d4 elementor-widget elementor-widget-heading\" data-id=\"f8c91d4\" data-element_type=\"widget\" data-e-type=\"widget\" data-widget_type=\"heading.default\">\n\t\t\t\t<div class=\"elementor-widget-container\">\n\t\t\t\t\t<h2 class=\"elementor-heading-title elementor-size-default\"><a href=\"https:\/\/www.bionosticcascavel.com.br\/index.php\/microbiologia\">Microbiologia<\/a><\/h2>\t\t\t\t<\/div>\n\t\t\t\t<\/div>\n\t\t\t\t<\/div>\n\t\t        <script>\n        jQuery( document ).ready( function( $ ) {\n            \/\/ Use .on('click', ...) as it is slightly more modern and flexible.\n            $( '.elementor-element-754c63a' ).css( 'cursor', 'pointer' ).on( 'click', function(e) {\n                \n                var url = 'https:\/\/www.bionosticcascavel.com.br\/index.php\/citologia-e-histopatologia';\n\n                                    \/\/ Otherwise, open the link in the same tab.\n                    window.location.href = url;\n                            });\n        });\n        <\/script>\n        <div class=\"elementor-element elementor-element-754c63a e-con-full e-flex e-con e-child\" data-id=\"754c63a\" data-element_type=\"container\" data-e-type=\"container\" id=\"boxexames\">\n\t\t\t\t<div class=\"elementor-element elementor-element-e1bc319 elementor-widget elementor-widget-heading\" data-id=\"e1bc319\" data-element_type=\"widget\" data-e-type=\"widget\" data-widget_type=\"heading.default\">\n\t\t\t\t<div class=\"elementor-widget-container\">\n\t\t\t\t\t<h2 class=\"elementor-heading-title elementor-size-default\"><a href=\"https:\/\/www.bionosticcascavel.com.br\/index.php\/citologia-e-histopatologia\">Citologia e\nHistopatologia<\/a><\/h2>\t\t\t\t<\/div>\n\t\t\t\t<\/div>\n\t\t\t\t<\/div>\n\t\t        <script>\n        jQuery( document ).ready( function( $ ) {\n            \/\/ Use .on('click', ...) as it is slightly more modern and flexible.\n            $( '.elementor-element-388aa46' ).css( 'cursor', 'pointer' ).on( 'click', function(e) {\n                \n                var url = 'https:\/\/www.bionosticcascavel.com.br\/index.php\/sorologia-de-raiva';\n\n                                    \/\/ Otherwise, open the link in the same tab.\n                    window.location.href = url;\n                            });\n        });\n        <\/script>\n        <div class=\"elementor-element elementor-element-388aa46 e-con-full e-flex e-con e-child\" data-id=\"388aa46\" data-element_type=\"container\" data-e-type=\"container\" id=\"boxexames\">\n\t\t\t\t<div class=\"elementor-element elementor-element-831e46a elementor-widget elementor-widget-heading\" data-id=\"831e46a\" data-element_type=\"widget\" data-e-type=\"widget\" data-widget_type=\"heading.default\">\n\t\t\t\t<div class=\"elementor-widget-container\">\n\t\t\t\t\t<h2 class=\"elementor-heading-title elementor-size-default\"><a href=\"https:\/\/www.bionosticcascavel.com.br\/index.php\/sorologia-de-raiva\">Sorologia\nde Raiva<\/a><\/h2>\t\t\t\t<\/div>\n\t\t\t\t<\/div>\n\t\t\t\t<\/div>\n\t\t\t\t\t<\/div>\n\t\t\t\t<\/div>\n\t\t<div class=\"elementor-element elementor-element-e30445c e-flex e-con-boxed e-con e-parent\" data-id=\"e30445c\" data-element_type=\"container\" data-e-type=\"container\">\n\t\t\t\t\t<div class=\"e-con-inner\">\n\t\t<div class=\"elementor-element elementor-element-740a167 e-con-full e-flex e-con e-child\" data-id=\"740a167\" data-element_type=\"container\" data-e-type=\"container\" data-settings=\"{&quot;background_background&quot;:&quot;classic&quot;}\">\n\t\t<div class=\"elementor-element elementor-element-8290a7b e-con-full e-flex e-con e-child\" data-id=\"8290a7b\" data-element_type=\"container\" data-e-type=\"container\">\n\t\t\t\t<div class=\"elementor-element elementor-element-17f99a2 elementor-widget elementor-widget-image\" data-id=\"17f99a2\" data-element_type=\"widget\" data-e-type=\"widget\" data-widget_type=\"image.default\">\n\t\t\t\t<div class=\"elementor-widget-container\">\n\t\t\t\t\t\t\t\t\t\t\t\t\t\t\t<img fetchpriority=\"high\" decoding=\"async\" width=\"607\" height=\"679\" src=\"https:\/\/www.bionosticcascavel.com.br\/wp-content\/uploads\/2025\/09\/iconexame.png\" class=\"attachment-large size-large wp-image-210\" alt=\"\" srcset=\"https:\/\/www.bionosticcascavel.com.br\/wp-content\/uploads\/2025\/09\/iconexame.png 607w, https:\/\/www.bionosticcascavel.com.br\/wp-content\/uploads\/2025\/09\/iconexame-268x300.png 268w, https:\/\/www.bionosticcascavel.com.br\/wp-content\/uploads\/2025\/09\/iconexame-230x257.png 230w, https:\/\/www.bionosticcascavel.com.br\/wp-content\/uploads\/2025\/09\/iconexame-350x392.png 350w, https:\/\/www.bionosticcascavel.com.br\/wp-content\/uploads\/2025\/09\/iconexame-480x537.png 480w\" sizes=\"(max-width: 607px) 100vw, 607px\" \/>\t\t\t\t\t\t\t\t\t\t\t\t\t\t\t<\/div>\n\t\t\t\t<\/div>\n\t\t\t\t<\/div>\n\t\t<div class=\"elementor-element elementor-element-ad271aa e-con-full e-flex e-con e-child\" data-id=\"ad271aa\" data-element_type=\"container\" data-e-type=\"container\">\n\t\t\t\t<div class=\"elementor-element elementor-element-75bafbe elementor-widget elementor-widget-heading\" data-id=\"75bafbe\" data-element_type=\"widget\" data-e-type=\"widget\" data-widget_type=\"heading.default\">\n\t\t\t\t<div class=\"elementor-widget-container\">\n\t\t\t\t\t<h2 class=\"elementor-heading-title elementor-size-default\">Fazemos a coleta para o exame com experi\u00eancia e cuidado, garantindo\nqualidade nas amostras e tranquilidade para tutor e pet.<\/h2>\t\t\t\t<\/div>\n\t\t\t\t<\/div>\n\t\t\t\t<\/div>\n\t\t\t\t<\/div>\n\t\t\t\t\t<\/div>\n\t\t\t\t<\/div>\n\t\t<div class=\"elementor-element elementor-element-4e7d45b e-flex e-con-boxed e-con e-parent\" data-id=\"4e7d45b\" data-element_type=\"container\" data-e-type=\"container\">\n\t\t\t\t\t<div class=\"e-con-inner\">\n\t\t\t\t<div class=\"elementor-element elementor-element-ea879fa elementor-widget elementor-widget-text-editor\" data-id=\"ea879fa\" data-element_type=\"widget\" data-e-type=\"widget\" data-widget_type=\"text-editor.default\">\n\t\t\t\t<div class=\"elementor-widget-container\">\n\t\t\t\t\t\t\t\t\t<p>Respons\u00e1vel T\u00e9cnica: MV. Vanessa Wotkoski Benoni CRMV-PR 5401<\/p>\t\t\t\t\t\t\t\t<\/div>\n\t\t\t\t<\/div>\n\t\t\t\t\t<\/div>\n\t\t\t\t<\/div>\n\t\t\t\t<\/div>\n\t\t","protected":false},"excerpt":{"rendered":"<p>Exames Laboratoriais Hematologia Horm\u00f4nios Bioqu\u00edmica Parasitologia Imunologia Urin\u00e1lise Venenos Toxicologia Biologia Molecular Microbiologia Citologia e Histopatologia Sorologia de Raiva Fazemos a coleta [&hellip;]<\/p>\n","protected":false},"author":1,"featured_media":0,"parent":0,"menu_order":0,"comment_status":"closed","ping_status":"closed","template":"elementor_header_footer","meta":{"footnotes":""},"class_list":["post-19","page","type-page","status-publish","hentry"],"_links":{"self":[{"href":"https:\/\/www.bionosticcascavel.com.br\/index.php\/wp-json\/wp\/v2\/pages\/19","targetHints":{"allow":["GET"]}}],"collection":[{"href":"https:\/\/www.bionosticcascavel.com.br\/index.php\/wp-json\/wp\/v2\/pages"}],"about":[{"href":"https:\/\/www.bionosticcascavel.com.br\/index.php\/wp-json\/wp\/v2\/types\/page"}],"author":[{"embeddable":true,"href":"https:\/\/www.bionosticcascavel.com.br\/index.php\/wp-json\/wp\/v2\/users\/1"}],"replies":[{"embeddable":true,"href":"https:\/\/www.bionosticcascavel.com.br\/index.php\/wp-json\/wp\/v2\/comments?post=19"}],"version-history":[{"count":70,"href":"https:\/\/www.bionosticcascavel.com.br\/index.php\/wp-json\/wp\/v2\/pages\/19\/revisions"}],"predecessor-version":[{"id":477,"href":"https:\/\/www.bionosticcascavel.com.br\/index.php\/wp-json\/wp\/v2\/pages\/19\/revisions\/477"}],"wp:attachment":[{"href":"https:\/\/www.bionosticcascavel.com.br\/index.php\/wp-json\/wp\/v2\/media?parent=19"}],"curies":[{"name":"wp","href":"https:\/\/api.w.org\/{rel}","templated":true}]}}